{"id":728,"date":"2014-07-15T13:18:48","date_gmt":"2014-07-15T13:18:48","guid":{"rendered":"http:\/\/veented.com\/themes\/north\/?page_id=728"},"modified":"2025-10-10T16:06:30","modified_gmt":"2025-10-10T16:06:30","slug":"home9","status":"publish","type":"page","link":"https:\/\/tantraporto.com\/","title":{"rendered":"Home9"},"content":{"rendered":"<section class=\"wpb-content-wrapper\"><p>[vc_row el_id=&#8221;inicio&#8221; content_width=&#8221;fullwidth&#8221; css=&#8221;.vc_custom_1704580941302{padding-top: 0px !important;padding-bottom: 0px !important;}&#8221; fullwidth=&#8221;yes&#8221; row_width=&#8221;fullwidth&#8221;][vc_column]<div id=\"fullscreen-8098\" class=\"vntd-fullscreen-slider fullscreen-slider-style1\" style=\"height:600px;\">\n\t<style type=\"text\/css\">\n\n\t#fullscreen-8098 .slides-container .image1 { background-image:url(https:\/\/tantraporto.com\/wp-content\/uploads\/2023\/10\/portotantra1.jpeg); }#fullscreen-8098 .slides-container .image2 { background-image:url(https:\/\/tantraporto.com\/wp-content\/uploads\/2024\/01\/WhatsApp-Image-2023-12-15-at-18.01.31_cb43aea32-1.jpg); }#fullscreen-8098 .slides-container .image3 { background-image:url(https:\/\/tantraporto.com\/wp-content\/uploads\/2024\/01\/WhatsApp-Image-2023-12-15-at-18.01.08_5ca484392.jpg); }\n\t<\/style>\n\t<!-- Ful Screen Home -->\n\t<div class=\"fullscreen-slider\" data-bg-sliderspeed=\"12000\" data-bg-animationspeed=\"800\" data-bg-animationtype=\"fade\">\n\t\t<!-- Slides -->\n\t\t\t\t<div class=\"slides-container relative\">\n\t\t\t<!-- Slider Images -->\n\n\t\t\t<div class=\"image1 soft-black-bg parallax\"><\/div><div class=\"image2 soft-black-bg parallax\"><\/div><div class=\"image3 soft-black-bg parallax\"><\/div>\n\t\t\t<!-- End Slider Images -->\n\t\t<\/div>\n\n\t\t<!-- End Slides -->\n\n\t\t<!-- Slider Controls -->\n\t\t<nav class=\"slides-navigation\">\n\t\t\t<a href=\"#\" class=\"next\"><\/a>\n\t\t\t<a href=\"#\" class=\"prev\"><\/a>\n\t\t<\/nav>\n\t<\/div>\n\t<!-- End Ful Screen Home -->\n\n\t<!-- Home Elements v1 -->\n\t<div class=\"home-elements\">\n\t\t<!-- Home Inner -->\n\n\t\t\n\t\t<!-- Home Inner -->\n\t\t<div class=\"home-inner v2 t-center\">\n\n\t\t\t\n\t\t\t<!-- Home Text Slider -->\n\t\t\t<div class=\"home-text-slider relative\" >\n\t\t\t\t<div class=\"text-slider clearfix\" data-slideshowspeed=\"5000\" data-animationspeed=\"600\">\n\t\t\t\t\t<!-- Home Text Slides -->\n\t\t\t\t\t<ul class=\"home-texts clearfix t-center semibold\">\n\t\t\t\t\t\t<li class=\"slide white uppercase\">Expans\u00e3o emocional<\/li><li class=\"slide white uppercase\">Autoconhecimento e bem-estar<\/li><li class=\"slide white uppercase\">Energia e criatividade<\/li>\t\t\t\t\t<\/ul>\n\t\t\t\t\t<!-- End Home Text Slides -->\n\t\t\t\t\t<!-- Home Fixed Text -->\n\t\t\t<h1 class=\"home-fixed-text t-center\">Tantra Porto<\/h1>\n\t\t\t\t<\/div>\n\t\t\t<\/div>\n\t\t\t<!-- End Home Text Slider -->\n\n\t\t\t\n\t\t\t\t\t<\/div><!-- End Home Inner -->\n\n\t\t\t<\/div><!-- End Home Elements -->\n\n\t<\/div>[\/vc_column][\/vc_row][vc_row parallax=&#8221;yes&#8221; el_id=&#8221;o-que-e&#8221; color_scheme=&#8221;white&#8221; bg_overlay=&#8221;dark&#8221; css=&#8221;.vc_custom_1704579054504{background-image: url(https:\/\/tantraporto.com\/wp-content\/uploads\/2014\/07\/i11.jpg?id=536) !important;}&#8221; darken=&#8221;dark&#8221;][vc_column]<div class=\"vntd-special-heading\"style=\"margin-bottom:0px;\"><h1 class=\"header  animated vntd-animated\" data-animation=\"fadeIn\" data-animation-delay=\"100\">Massagem T\u00e2ntrica Expansiva<\/h1><div class=\"header-strips-one  animated vntd-animated\" data-animation=\"fadeIn\" data-animation-delay=\"100\"><\/div><\/div><div class=\"vntd-tabs-stylish t-center \"><div id=\"w-options\" class=\"filter-menu fullwidth\"><ul id=\"w-filters\" class=\"w-option-set relative normal font-primary uppercase\" data-option-key=\"filter\"><li class=\"animated flipInY visible\" data-animation=\"flipInY\" data-animation-delay=\"100\"><a class=\"soft-bg-icons selected\" href=\"#filter\" data-option-value=\".tab-95828\"><span>O que \u00e9?<\/span><\/a><\/li><li class=\"animated flipInY visible\" data-animation=\"flipInY\" data-animation-delay=\"200\"><a class=\"soft-bg-icons\" href=\"#filter\" data-option-value=\".tab-91209\"><span>O que n\u00e3o \u00e9?<\/span><\/a><\/li><\/div><div class=\"w-items t-left isotope\"><div class=\"w-item white tab-95828\"><div class=\"wpb_text_column wpb_content_element \"><div class=\"wpb_wrapper\"><h2 class=\"w-item__heading\">O que \u00e9?<\/h2><div class=\"north-tab-content\">O tantra \u00e9 um conjunto de filosofias muito antigas (com evid\u00eancias que remetem o seu surgimento antes de Cristo). Ao contr\u00e1rio das religi\u00f5es dominantes do ocidente, que veem o corpo humano como um obst\u00e1culo para o divino, e o prazer como tenta\u00e7\u00e3o e pecado, o tantra considera o corpo humano como um meio para o conhecimento, e o prazer como uma ferramenta para o alcan\u00e7ar.\nA massagem t\u00e2ntrica terap\u00eautica expansiva \u00e9 realizada utilizando um conjunto de t\u00e9cnicas onde predomina o toque subtil despertando a bioenergia e fazendo com que esta flua por todo o corpo. \nA massagem t\u00e2ntrica \u00e9 uma experi\u00eancia intensamente prazerosa. Visa a expans\u00e3o atrav\u00e9s do prazer extremo. A energia sexual-criativa (para o tantra \u00e9 a mesma energia) \u00e9 despertada e colocada a fluir por um terapeuta qualificado e experiente atrav\u00e9s de um conjunto de t\u00e9cnicas.<\/div><\/div><\/div><\/div><div class=\"w-item white tab-91209\"><div class=\"wpb_text_column wpb_content_element \"><div class=\"wpb_wrapper\"><h2 class=\"w-item__heading\">O que n\u00e3o \u00e9?<\/h2><div class=\"north-tab-content\">O acto sexual n\u00e3o cabe no contexto terap\u00eautico, n\u00e3o sendo praticado sobre qualquer contexto no nosso espa\u00e7o.\nEmbora trabalhe com a energia sexual, o objetivo n\u00e3o \u00e9 a gratifica\u00e7\u00e3o sexual, mas sim a expans\u00e3o da consci\u00eancia e a cura. O ato sexual n\u00e3o se enquadra no contexto terap\u00eautico e, portanto, n\u00e3o \u00e9 praticado em nosso espa\u00e7o. A massagem t\u00e2ntrica \u00e9 uma jornada de autoconhecimento e crescimento pessoal, onde a energia sexual \u00e9 usada como uma for\u00e7a de cura e conex\u00e3o.<\/div><\/div><\/div><\/div><\/div><\/div>[vc_row_inner el_id=&#8221;beneficios&#8221;][vc_column_inner width=&#8221;1\/2&#8243;][vc_column_text css_animation=&#8221;left-to-right&#8221;]<\/p>\n<h1>Benef\u00edcios da massagem t\u00e2ntrica expansiva<\/h1>\n<p>A massagem t\u00e2ntrica \u00e9 uma experi\u00eancia intensamente prazerosa. Quando sujeito a n\u00edveis de prazer extremos, e com o fluir de energia conduzido pelo terapeuta, \u00e9 frequente que quem recebe a massagem atinga n\u00edveis de expans\u00e3o. Esta expans\u00e3o pode ocorrer em diferentes \u00e1reas.<\/p>\n<ul class=\"vntd-list vntd-list-dark vntd-list-bg\">\n<li><i class=\"fa fa-angle-right\"><\/i> Expandido, o emocional de quem recebe costuma frequentemente vivenciar estados de tranquilidade, paz e amor profundo.<\/li>\n<li><i class=\"fa fa-angle-right\"><\/i> Existe uma altera\u00e7\u00e3o da percep\u00e7\u00e3o da realidade. O foco e a clareza aumentam fazem com que seja poss\u00edvel a tomada de decis\u00f5es de uma forma mais firme, quando antes existiam d\u00favidas.<\/li>\n<li><i class=\"fa fa-angle-right\"><\/i> Com a ascens\u00e3o de energias anteriormente adormecidas, \u00e9 comum ocorrer um aumento dr\u00e1stico da criatividade.<\/li>\n<li><i class=\"fa fa-angle-right\"><\/i> Com a energia sexual desperta, \u00e9 comum a mulher que recebe a massagem se permita deixar fluir seu lado sensual e er\u00f3tico. J\u00e1 nos homens, seu lado emocional costuma ser notoriamente expandido (sendo que se encontra frequentemente reprimido).<\/li>\n<li><i class=\"fa fa-angle-right\"><\/i> Ao contr\u00e1rio de uma massagem de relaxamento comum, os efeitos de uma massagem t\u00e2ntrica costumam fazer-se sentir ao longo de dias (mais de uma semana), sendo que alguns s\u00e3o-no de forma permanente (como por exemplo quando ocorrem desbloqueios).<\/li>\n<li><i class=\"fa fa-angle-right\"><\/i> S\u00e3o semelhantes os efeitos sentidos por quem recebe a massagem t\u00e2ntrica aos efeitos provocados por diversas drogas. No entanto, n\u00e3o \u00e9 ingerida qualquer subst\u00e2ncia. Todas as sensa\u00e7\u00f5es prazerosas ocorrem de forma natural pelo corpo humano quando submetido a estados de prazer intenso.<\/li>\n<p><\/ul>[\/vc_column_text][\/vc_column_inner][vc_column_inner width=&#8221;1\/2&#8243;][vc_single_image image=&#8221;1986&#8243; img_size=&#8221;full&#8221; alignment=&#8221;right&#8221; css_animation=&#8221;right-to-left&#8221;][\/vc_column_inner][\/vc_row_inner][\/vc_column][\/vc_row][vc_row parallax=&#8221;yes&#8221; el_id=&#8221;quem-somos&#8221; color_scheme=&#8221;white&#8221; css=&#8221;.vc_custom_1704578981096{background-color: #1b1b1b !important;background-position: center;background-repeat: no-repeat !important;background-size: cover !important;}&#8221; darken=&#8221;light&#8221;][vc_column]<div class=\"vntd-special-heading\"style=\"margin-bottom:px;\"><h1 class=\"header  animated vntd-animated\" data-animation=\"fadeIn\" data-animation-delay=\"100\">Quem somos?<\/h1><div class=\"header-strips-one  animated vntd-animated\" data-animation=\"fadeIn\" data-animation-delay=\"100\"><\/div><h2 class=\"description normal  animated vntd-animated\" data-animation=\"fadeIn\" data-animation-delay=\"100\">Somos um grupo de terapeutas experientes com forma\u00e7\u00e3o na \u00e1rea de sa\u00fade, massagens e tantra. Investimos ao longo da nossa carreira em forma\u00e7\u00e3o cont\u00ednua. A nossa miss\u00e3o \u00e9 proporcionar bem-estar e equil\u00edbrio, atrav\u00e9s de t\u00e9cnicas terap\u00eauticas inovadoras e personalizadas, que atendem \u00e0s necessidades individuais de cada cliente.<\/h2><\/div><a href=\"https:\/\/wa.me\/351932555666\" class=\"btn btn-red btn-lg btn-center scroll\" target=\"_blank\">RESERVE AQUI A SUA MASSAGEM<\/a>[\/vc_column][\/vc_row][vc_row parallax=&#8221;yes&#8221; el_id=&#8221;precos&#8221; color_scheme=&#8221;white&#8221; bg_overlay=&#8221;dark&#8221; css=&#8221;.vc_custom_1704578991546{background-image: url(https:\/\/tantraporto.com\/wp-content\/uploads\/2014\/07\/i51.jpg?id=540) !important;}&#8221; darken=&#8221;light&#8221;][vc_column]<div class=\"vntd-special-heading\"style=\"margin-bottom:60px;\"><h1 class=\"header  animated vntd-animated\" data-animation=\"fadeIn\" data-animation-delay=\"100\">Pre\u00e7os<\/h1><div class=\"header-strips-one  animated vntd-animated\" data-animation=\"fadeIn\" data-animation-delay=\"100\"><\/div><h2 class=\"description normal  animated vntd-animated\" data-animation=\"fadeIn\" data-animation-delay=\"100\">Compreendemos que a transpar\u00eancia \u00e9 fundamental na constru\u00e7\u00e3o de uma rela\u00e7\u00e3o de confian\u00e7a com os nossos clientes e por isso, esfor\u00e7amo-nos por garantir que os nossos pre\u00e7os sejam claros e justos.<\/h2><\/div>[vc_row_inner][vc_column_inner width=&#8221;1\/4&#8243;][\/vc_column_inner][vc_column_inner width=&#8221;1\/4&#8243;]<div class=\"vntd-pricing-box p-table animated vntd-animated\" data-animation=\"fadeIn\" data-animation-delay=\"300\"><h3 class=\"vntd-pricing-box__price\">\u20ac150<span><\/span><\/h3><h4 class=\"vntd-pricing-box__title\">Individual<\/h4><ul class=\"properties\"><li>Massagem t\u00e2ntrica terap\u00eautica expansiva<\/li><li>1 pessoa<\/li><li>1 terapeuta<\/li><a href=\"#\" target=\"_blank\" class=\"p-button\"><\/a><\/div>[\/vc_column_inner][vc_column_inner width=&#8221;1\/4&#8243;]<div class=\"vntd-pricing-box p-table animated vntd-animated\" data-animation=\"fadeIn\" data-animation-delay=\"700\"><h3 class=\"vntd-pricing-box__price\">\u20ac250<span><\/span><\/h3><h4 class=\"vntd-pricing-box__title\">Casal<\/h4><ul class=\"properties\"><li>Massagem t\u00e2ntrica terap\u00eautica expansiva<\/li><li>Para casal<\/li><li>2 terapeutas<\/li><a href=\"#\" target=\"_blank\" class=\"p-button\"><\/a><\/div>[\/vc_column_inner][vc_column_inner width=&#8221;1\/4&#8243;][\/vc_column_inner][\/vc_row_inner][\/vc_column][\/vc_row][vc_row el_id=&#8221;contactos&#8221; bg_overlay=&#8221;dark&#8221; css=&#8221;.vc_custom_1704579015964{background-color: #000000 !important;}&#8221;][vc_column]\n\t<div class=\"address-soft t-center\">\n\n\t\t\t\t<a href=\"tel:932 555 666\" class=\"phone-button round white\">\n\t\t\t<i class=\"fa fa-phone\"><\/i>\n\t\t<\/a>\n\t\t\n\t\t<h3 class=\"phone-text font-primary white\">\n\t\t\t932 555 666\t\t<\/h3>\n\n\t\t\n\t\t<!-- Address -->\n\t\t<h3 class=\"phone-text--2 font-primary uppercase\">\n\t\t\tGaia, Porto, Portugal\t\t<\/h3>\n\n\t\t<!-- E-Mail -->\n\t\t<a href=\"mailto:GERAL@TANTRAPORTO.COM\" class=\"mail-text uppercase font-primary\">\n\t\t\tGERAL@TANTRAPORTO.COM\t\t<\/a>\n\n\t\t\n\t<\/div>\n\n\t[vc_btn title=&#8221;MARCAR MASSAGEM&#8221; color=&#8221;danger&#8221; align=&#8221;center&#8221; link=&#8221;url:https%3A%2F%2Fconexoeshumanas.pt%2F|title:Marcar%20Massagem|target:_blank&#8221;][\/vc_column][\/vc_row]<\/p>\n<\/section>","protected":false},"excerpt":{"rendered":"<p>[vc_row el_id=&#8221;inicio&#8221; content_width=&#8221;fullwidth&#8221; css=&#8221;.vc_custom_1704580941302{padding-top: 0px !important;padding-bottom: 0px !important;}&#8221; fullwidth=&#8221;yes&#8221; row_width=&#8221;fullwidth&#8221;][vc_column][\/vc_column][\/vc_row][vc_row parallax=&#8221;yes&#8221; el_id=&#8221;o-que-e&#8221; color_scheme=&#8221;white&#8221; bg_overlay=&#8221;dark&#8221; css=&#8221;.vc_custom_1704579054504{background-image: url(https:\/\/tantraporto.com\/wp-content\/uploads\/2014\/07\/i11.jpg?id=536) !important;}&#8221; darken=&#8221;dark&#8221;][vc_column][vc_row_inner el_id=&#8221;beneficios&#8221;][vc_column_inner width=&#8221;1\/2&#8243;][vc_column_text css_animation=&#8221;left-to-right&#8221;] Benef\u00edcios da massagem t\u00e2ntrica expansiva A massagem t\u00e2ntrica \u00e9 uma experi\u00eancia intensamente prazerosa. Quando sujeito a n\u00edveis de prazer extremos, e com o fluir de energia conduzido pelo terapeuta, \u00e9 frequente que quem recebe a massagem atinga n\u00edveis de expans\u00e3o. Esta expans\u00e3o pode ocorrer em diferentes \u00e1reas. [\/vc_column_text][\/vc_column_inner][vc_column_inner width=&#8221;1\/2&#8243;][vc_single_image [&hellip;]<\/p>\n","protected":false},"author":2,"featured_media":0,"parent":0,"menu_order":0,"comment_status":"open","ping_status":"open","template":"template-onepager.php","meta":{"footnotes":""},"class_list":["post-728","page","type-page","status-publish","hentry"],"_links":{"self":[{"href":"https:\/\/tantraporto.com\/index.php?rest_route=\/wp\/v2\/pages\/728","targetHints":{"allow":["GET"]}}],"collection":[{"href":"https:\/\/tantraporto.com\/index.php?rest_route=\/wp\/v2\/pages"}],"about":[{"href":"https:\/\/tantraporto.com\/index.php?rest_route=\/wp\/v2\/types\/page"}],"author":[{"embeddable":true,"href":"https:\/\/tantraporto.com\/index.php?rest_route=\/wp\/v2\/users\/2"}],"replies":[{"embeddable":true,"href":"https:\/\/tantraporto.com\/index.php?rest_route=%2Fwp%2Fv2%2Fcomments&post=728"}],"version-history":[{"count":60,"href":"https:\/\/tantraporto.com\/index.php?rest_route=\/wp\/v2\/pages\/728\/revisions"}],"predecessor-version":[{"id":2009,"href":"https:\/\/tantraporto.com\/index.php?rest_route=\/wp\/v2\/pages\/728\/revisions\/2009"}],"wp:attachment":[{"href":"https:\/\/tantraporto.com\/index.php?rest_route=%2Fwp%2Fv2%2Fmedia&parent=728"}],"curies":[{"name":"wp","href":"https:\/\/api.w.org\/{rel}","templated":true}]}}